{"id":28152,"date":"2022-12-14T22:53:41","date_gmt":"2022-12-14T22:53:41","guid":{"rendered":"https:\/\/www.robertslatkoff.com\/nouveautes-2022\/"},"modified":"2022-12-15T19:02:52","modified_gmt":"2022-12-15T19:02:52","slug":"nouveautes-2022","status":"publish","type":"page","link":"https:\/\/www.robertslatkoff.com\/fr\/nouveautes-2022\/","title":{"rendered":"Nouveaut\u00e9s 2022"},"content":{"rendered":"<p>[et_pb_section fb_built=&#8221;1&#8243; custom_padding_last_edited=&#8221;on|desktop&#8221; admin_label=&#8221;#26 Products&#8221; _builder_version=&#8221;4.17.3&#8243; background_enable_color=&#8221;off&#8221; background_enable_image=&#8221;off&#8221; custom_padding_tablet=&#8221;50px|0|50px|0&#8243; custom_padding_phone=&#8221;&#8221; transparent_background=&#8221;off&#8221; padding_mobile=&#8221;off&#8221; make_fullwidth=&#8221;off&#8221; use_custom_width=&#8221;off&#8221; width_unit=&#8221;on&#8221; collapsed=&#8221;off&#8221; global_colors_info=&#8221;{}&#8221;][et_pb_row padding_mobile=&#8221;on&#8221; column_padding_mobile=&#8221;on&#8221; custom_padding_last_edited=&#8221;on|phone&#8221; admin_label=&#8221;Row&#8221; _builder_version=&#8221;4.16&#8243; background_size=&#8221;initial&#8221; background_position=&#8221;top_left&#8221; background_repeat=&#8221;repeat&#8221; max_width=&#8221;540px&#8221; custom_padding=&#8221;68px|||||&#8221; custom_padding_tablet=&#8221;&#8221; custom_padding_phone=&#8221;47px|||&#8221; make_fullwidth=&#8221;off&#8221; use_custom_width=&#8221;on&#8221; width_unit=&#8221;on&#8221; custom_width_px=&#8221;540px&#8221; global_colors_info=&#8221;{}&#8221;][et_pb_column type=&#8221;4_4&#8243; _builder_version=&#8221;4.16&#8243; custom_padding=&#8221;|||&#8221; global_colors_info=&#8221;{}&#8221; custom_padding__hover=&#8221;|||&#8221;][et_pb_text admin_label=&#8221;Text&#8221; _builder_version=&#8221;4.19.3&#8243; text_font=&#8221;Roboto Light||||&#8221; text_text_color=&#8221;#303030&#8243; text_font_size=&#8221;52&#8243; text_line_height=&#8221;1.1em&#8221; background_size=&#8221;initial&#8221; background_position=&#8221;top_left&#8221; background_repeat=&#8221;repeat&#8221; text_orientation=&#8221;center&#8221; max_width=&#8221;80%&#8221; module_alignment=&#8221;center&#8221; custom_margin=&#8221;24px||0px|&#8221; text_font_size_tablet=&#8221;46&#8243; text_font_size_phone=&#8221;30&#8243; text_font_size_last_edited=&#8221;on|phone&#8221; custom_css_main_element=&#8221;font-weight:300;&#8221; use_border_color=&#8221;off&#8221; border_color=&#8221;#ffffff&#8221; border_style=&#8221;solid&#8221; global_colors_info=&#8221;{}&#8221;]<\/p>\n<p>NOUVELLES OEUVRES 2022<\/p>\n<p>[\/et_pb_text][\/et_pb_column][\/et_pb_row][et_pb_row column_structure=&#8221;1_4,1_4,1_4,1_4&#8243; admin_label=&#8221;Categories&#8221; _builder_version=&#8221;4.16&#8243; width=&#8221;95%&#8221; max_width=&#8221;95%&#8221; custom_padding=&#8221;20px|||&#8221; custom_width_px=&#8221;1440px&#8221; global_colors_info=&#8221;{}&#8221;][et_pb_column type=&#8221;1_4&#8243; _builder_version=&#8221;4.16&#8243; _module_preset=&#8221;default&#8221; custom_padding=&#8221;|||2px|false|false&#8221; global_colors_info=&#8221;{}&#8221;][et_pb_blurb title=&#8221;Storm At Sea&#8221; url=&#8221;@ET-DC@eyJkeW5hbWljIjp0cnVlLCJjb250ZW50IjoicG9zdF9saW5rX3VybF9wcm9kdWN0Iiwic2V0dGluZ3MiOnsicG9zdF9pZCI6IjI4MTAwIn19@&#8221; image=&#8221;https:\/\/www.robertslatkoff.com\/wp-content\/uploads\/2022\/12\/STORM-AT-SEA-2022-SLATKOFF-.jpg&#8221; alt=&#8221;STORM-AT-SEA-2022-SLATKOFF&#8221; _builder_version=&#8221;4.19.3&#8243; _dynamic_attributes=&#8221;url&#8221; header_level=&#8221;h3&#8243; header_font=&#8221;Nunito||||||||&#8221; header_text_color=&#8221;#263954&#8243; header_font_size=&#8221;24px&#8221; header_line_height=&#8221;1.3em&#8221; body_font=&#8221;||||||||&#8221; body_font_size=&#8221;15px&#8221; body_line_height=&#8221;1.8em&#8221; background_color=&#8221;RGBA(0,0,0,0)&#8221; animation=&#8221;off&#8221; border_radii_image=&#8221;off||||&#8221; global_colors_info=&#8221;{}&#8221;][\/et_pb_blurb][\/et_pb_column][et_pb_column type=&#8221;1_4&#8243; _builder_version=&#8221;4.16&#8243; custom_padding=&#8221;|||&#8221; global_colors_info=&#8221;{}&#8221; custom_padding__hover=&#8221;|||&#8221;][et_pb_blurb title=&#8221;Blue Moon&#8221; url=&#8221;@ET-DC@eyJkeW5hbWljIjp0cnVlLCJjb250ZW50IjoicG9zdF9saW5rX3VybF9wcm9kdWN0Iiwic2V0dGluZ3MiOnsicG9zdF9pZCI6IjI4MTA2In19@&#8221; image=&#8221;https:\/\/www.robertslatkoff.com\/wp-content\/uploads\/2022\/12\/BLUE-MOON-2022-SLATKOFF.jpg&#8221; alt=&#8221;BLUE-MOON-2022-SLATKOFF&#8221; _builder_version=&#8221;4.19.3&#8243; _dynamic_attributes=&#8221;url&#8221; header_level=&#8221;h3&#8243; header_font=&#8221;Nunito||||||||&#8221; header_text_color=&#8221;#263954&#8243; header_font_size=&#8221;24px&#8221; header_line_height=&#8221;1.3em&#8221; body_font=&#8221;||||||||&#8221; body_font_size=&#8221;15px&#8221; body_line_height=&#8221;1.8em&#8221; animation=&#8221;off&#8221; global_colors_info=&#8221;{}&#8221;][\/et_pb_blurb][\/et_pb_column][et_pb_column type=&#8221;1_4&#8243; _builder_version=&#8221;4.16&#8243; custom_padding=&#8221;|||&#8221; global_colors_info=&#8221;{}&#8221; custom_padding__hover=&#8221;|||&#8221;][et_pb_blurb title=&#8221;Red Bird&#8221; url=&#8221;@ET-DC@eyJkeW5hbWljIjp0cnVlLCJjb250ZW50IjoicG9zdF9saW5rX3VybF9wcm9kdWN0Iiwic2V0dGluZ3MiOnsicG9zdF9pZCI6IjI4MTExIn19@&#8221; image=&#8221;https:\/\/www.robertslatkoff.com\/wp-content\/uploads\/2022\/12\/RED-BIRD-2022-SLATKOFF.jpg&#8221; alt=&#8221;RED-BIRD-2022-SLATKOFF&#8221; _builder_version=&#8221;4.19.3&#8243; _dynamic_attributes=&#8221;url&#8221; header_level=&#8221;h3&#8243; header_font=&#8221;Nunito||||||||&#8221; header_text_color=&#8221;#263954&#8243; header_font_size=&#8221;24px&#8221; header_line_height=&#8221;1.3em&#8221; body_font=&#8221;||||||||&#8221; body_font_size=&#8221;15px&#8221; body_line_height=&#8221;1.8em&#8221; animation=&#8221;off&#8221; locked=&#8221;off&#8221; global_colors_info=&#8221;{}&#8221;][\/et_pb_blurb][\/et_pb_column][et_pb_column type=&#8221;1_4&#8243; _builder_version=&#8221;4.16&#8243; custom_padding=&#8221;|2px|||false|false&#8221; global_colors_info=&#8221;{}&#8221; custom_padding__hover=&#8221;|||&#8221;][et_pb_blurb title=&#8221;Red and Blue&#8221; url=&#8221;@ET-DC@eyJkeW5hbWljIjp0cnVlLCJjb250ZW50IjoicG9zdF9saW5rX3VybF9wcm9kdWN0Iiwic2V0dGluZ3MiOnsicG9zdF9pZCI6IjI4MTE3In19@&#8221; image=&#8221;https:\/\/www.robertslatkoff.com\/wp-content\/uploads\/2022\/12\/RED-AND-BLUE-2022-SLATKOFF.jpg&#8221; alt=&#8221;RED-AND-BLUE-2022-SLATKOFF&#8221; _builder_version=&#8221;4.19.3&#8243; _dynamic_attributes=&#8221;url&#8221; header_level=&#8221;h3&#8243; header_font=&#8221;Nunito||||||||&#8221; header_text_color=&#8221;#263954&#8243; header_font_size=&#8221;24px&#8221; header_line_height=&#8221;1.3em&#8221; body_font=&#8221;||||||||&#8221; body_font_size=&#8221;15px&#8221; body_line_height=&#8221;1.8em&#8221; custom_padding=&#8221;||0px|||&#8221; animation=&#8221;off&#8221; locked=&#8221;off&#8221; global_colors_info=&#8221;{}&#8221;][\/et_pb_blurb][\/et_pb_column][\/et_pb_row][et_pb_row column_structure=&#8221;1_4,1_4,1_4,1_4&#8243; admin_label=&#8221;Categories&#8221; _builder_version=&#8221;4.16&#8243; width=&#8221;95%&#8221; max_width=&#8221;95%&#8221; custom_padding=&#8221;20px|||&#8221; custom_width_px=&#8221;1440px&#8221; global_colors_info=&#8221;{}&#8221;][et_pb_column type=&#8221;1_4&#8243; _builder_version=&#8221;4.16&#8243; _module_preset=&#8221;default&#8221; custom_padding=&#8221;|||2px|false|false&#8221; global_colors_info=&#8221;{}&#8221;][et_pb_blurb title=&#8221;Flight of the Blacks&#8221; url=&#8221;@ET-DC@eyJkeW5hbWljIjp0cnVlLCJjb250ZW50IjoicG9zdF9saW5rX3VybF9wcm9kdWN0Iiwic2V0dGluZ3MiOnsicG9zdF9pZCI6IjI4MTIxIn19@&#8221; image=&#8221;https:\/\/www.robertslatkoff.com\/wp-content\/uploads\/2022\/12\/FLIGHT-OF-THE-BLACKS-2022-SLATKOFF.jpg&#8221; alt=&#8221;FLIGHT-OF-THE-BLACKS-2022-SLATKOFF&#8221; _builder_version=&#8221;4.19.3&#8243; _dynamic_attributes=&#8221;url&#8221; header_level=&#8221;h3&#8243; header_font=&#8221;Nunito||||||||&#8221; header_text_color=&#8221;#263954&#8243; header_font_size=&#8221;24px&#8221; header_line_height=&#8221;1.3em&#8221; body_font=&#8221;||||||||&#8221; body_font_size=&#8221;15px&#8221; body_line_height=&#8221;1.8em&#8221; background_color=&#8221;RGBA(0,0,0,0)&#8221; animation=&#8221;off&#8221; border_radii_image=&#8221;off||||&#8221; global_colors_info=&#8221;{}&#8221;][\/et_pb_blurb][\/et_pb_column][et_pb_column type=&#8221;1_4&#8243; _builder_version=&#8221;4.16&#8243; custom_padding=&#8221;|||&#8221; global_colors_info=&#8221;{}&#8221; custom_padding__hover=&#8221;|||&#8221;][et_pb_blurb title=&#8221;Fire In The Sky&#8221; url=&#8221;@ET-DC@eyJkeW5hbWljIjp0cnVlLCJjb250ZW50IjoicG9zdF9saW5rX3VybF9wcm9kdWN0Iiwic2V0dGluZ3MiOnsicG9zdF9pZCI6IjI4MTI2In19@&#8221; image=&#8221;https:\/\/www.robertslatkoff.com\/wp-content\/uploads\/2022\/12\/FIRE-IN-THE-SKY-2022-SLATKOFF.jpg&#8221; alt=&#8221;FIRE-IN-THE-SKY-2022-SLATKOFF&#8221; _builder_version=&#8221;4.19.3&#8243; _dynamic_attributes=&#8221;url&#8221; header_level=&#8221;h3&#8243; header_font=&#8221;Nunito||||||||&#8221; header_text_color=&#8221;#263954&#8243; header_font_size=&#8221;24px&#8221; header_line_height=&#8221;1.3em&#8221; body_font=&#8221;||||||||&#8221; body_font_size=&#8221;15px&#8221; body_line_height=&#8221;1.8em&#8221; animation=&#8221;off&#8221; global_colors_info=&#8221;{}&#8221;][\/et_pb_blurb][\/et_pb_column][et_pb_column type=&#8221;1_4&#8243; _builder_version=&#8221;4.16&#8243; custom_padding=&#8221;|||&#8221; global_colors_info=&#8221;{}&#8221; custom_padding__hover=&#8221;|||&#8221;][et_pb_blurb title=&#8221;Magenta and Green&#8221; url=&#8221;@ET-DC@eyJkeW5hbWljIjp0cnVlLCJjb250ZW50IjoicG9zdF9saW5rX3VybF9wcm9kdWN0Iiwic2V0dGluZ3MiOnsicG9zdF9pZCI6IjI4MTMxIn19@&#8221; image=&#8221;https:\/\/www.robertslatkoff.com\/wp-content\/uploads\/2022\/12\/MAGENTA-AND-GREEN-2022-SLATKOFF.jpg&#8221; alt=&#8221;MAGENTA-AND-GREEN-2022-SLATKOFF&#8221; _builder_version=&#8221;4.19.3&#8243; _dynamic_attributes=&#8221;url&#8221; header_level=&#8221;h3&#8243; header_font=&#8221;Nunito||||||||&#8221; header_text_color=&#8221;#263954&#8243; header_font_size=&#8221;24px&#8221; header_line_height=&#8221;1.3em&#8221; body_font=&#8221;||||||||&#8221; body_font_size=&#8221;15px&#8221; body_line_height=&#8221;1.8em&#8221; animation=&#8221;off&#8221; locked=&#8221;off&#8221; global_colors_info=&#8221;{}&#8221;][\/et_pb_blurb][\/et_pb_column][et_pb_column type=&#8221;1_4&#8243; _builder_version=&#8221;4.16&#8243; custom_padding=&#8221;|2px|||false|false&#8221; global_colors_info=&#8221;{}&#8221; custom_padding__hover=&#8221;|||&#8221;][et_pb_blurb title=&#8221;Calm Sea Turbulent Sky&#8221; url=&#8221;@ET-DC@eyJkeW5hbWljIjp0cnVlLCJjb250ZW50IjoicG9zdF9saW5rX3VybF9wcm9kdWN0Iiwic2V0dGluZ3MiOnsicG9zdF9pZCI6IjI4MTM1In19@&#8221; image=&#8221;https:\/\/www.robertslatkoff.com\/wp-content\/uploads\/2022\/12\/CALM-SEA-TURBULANT-SKY-2022-SLATKOFF-scaled.jpg&#8221; alt=&#8221;CALM-SEA-TURBULANT-SKY-2022-SLATKOFF&#8221; _builder_version=&#8221;4.19.3&#8243; _dynamic_attributes=&#8221;url&#8221; header_level=&#8221;h3&#8243; header_font=&#8221;Nunito||||||||&#8221; header_text_color=&#8221;#263954&#8243; header_font_size=&#8221;24px&#8221; header_line_height=&#8221;1.3em&#8221; body_font=&#8221;||||||||&#8221; body_font_size=&#8221;15px&#8221; body_line_height=&#8221;1.8em&#8221; custom_padding=&#8221;||0px|||&#8221; animation=&#8221;off&#8221; locked=&#8221;off&#8221; global_colors_info=&#8221;{}&#8221;][\/et_pb_blurb][\/et_pb_column][\/et_pb_row][et_pb_row column_structure=&#8221;1_4,1_4,1_4,1_4&#8243; admin_label=&#8221;Categories&#8221; _builder_version=&#8221;4.16&#8243; width=&#8221;95%&#8221; max_width=&#8221;95%&#8221; custom_padding=&#8221;20px|||&#8221; custom_width_px=&#8221;1440px&#8221; global_colors_info=&#8221;{}&#8221;][et_pb_column type=&#8221;1_4&#8243; _builder_version=&#8221;4.16&#8243; _module_preset=&#8221;default&#8221; custom_padding=&#8221;|||2px|false|false&#8221; global_colors_info=&#8221;{}&#8221;][et_pb_blurb title=&#8221;Above and Below&#8221; url=&#8221;@ET-DC@eyJkeW5hbWljIjp0cnVlLCJjb250ZW50IjoicG9zdF9saW5rX3VybF9wcm9kdWN0Iiwic2V0dGluZ3MiOnsicG9zdF9pZCI6IjI4MTM5In19@&#8221; image=&#8221;https:\/\/www.robertslatkoff.com\/wp-content\/uploads\/2022\/12\/ABOVE-AND-BELOW-2022-SLATKOFF.jpg&#8221; alt=&#8221;ABOVE-AND-BELOW-2022-SLATKOFF&#8221; _builder_version=&#8221;4.19.3&#8243; _dynamic_attributes=&#8221;url&#8221; header_level=&#8221;h3&#8243; header_font=&#8221;Nunito||||||||&#8221; header_text_color=&#8221;#263954&#8243; header_font_size=&#8221;24px&#8221; header_line_height=&#8221;1.3em&#8221; body_font=&#8221;||||||||&#8221; body_font_size=&#8221;15px&#8221; body_line_height=&#8221;1.8em&#8221; background_color=&#8221;RGBA(0,0,0,0)&#8221; animation=&#8221;off&#8221; border_radii_image=&#8221;off||||&#8221; global_colors_info=&#8221;{}&#8221;][\/et_pb_blurb][\/et_pb_column][et_pb_column type=&#8221;1_4&#8243; _builder_version=&#8221;4.16&#8243; custom_padding=&#8221;|||&#8221; global_colors_info=&#8221;{}&#8221; custom_padding__hover=&#8221;|||&#8221;][\/et_pb_column][et_pb_column type=&#8221;1_4&#8243; _builder_version=&#8221;4.16&#8243; custom_padding=&#8221;|||&#8221; global_colors_info=&#8221;{}&#8221; custom_padding__hover=&#8221;|||&#8221;][\/et_pb_column][et_pb_column type=&#8221;1_4&#8243; _builder_version=&#8221;4.16&#8243; custom_padding=&#8221;|2px|||false|false&#8221; global_colors_info=&#8221;{}&#8221; custom_padding__hover=&#8221;|||&#8221;][\/et_pb_column][\/et_pb_row][\/et_pb_section][et_pb_section fb_built=&#8221;1&#8243; custom_padding_last_edited=&#8221;off|desktop&#8221; admin_label=&#8221;Header&#8221; _builder_version=&#8221;4.16&#8243; background_color_gradient_direction=&#8221;188deg&#8221; background_image=&#8221;https:\/\/www.robertslatkoff.com\/wp-content\/uploads\/2021\/07\/art-gallery-55.jpg&#8221; background_size=&#8221;initial&#8221; background_repeat=&#8221;repeat&#8221; width=&#8221;100%&#8221; custom_padding_tablet=&#8221;5vw||5vw||true&#8221; global_colors_info=&#8221;{}&#8221;][et_pb_row column_structure=&#8221;3_4,1_4&#8243; _builder_version=&#8221;4.16&#8243; global_colors_info=&#8221;{}&#8221;][et_pb_column type=&#8221;3_4&#8243; _builder_version=&#8221;4.16&#8243; custom_padding=&#8221;|||&#8221; global_colors_info=&#8221;{}&#8221; custom_padding__hover=&#8221;|||&#8221;][et_pb_video src=&#8221;https:\/\/youtu.be\/Y-Z4-N0UhUA&#8221; _builder_version=&#8221;4.16&#8243; _module_preset=&#8221;default&#8221; global_colors_info=&#8221;{}&#8221;][\/et_pb_video][\/et_pb_column][et_pb_column type=&#8221;1_4&#8243; _builder_version=&#8221;4.16&#8243; custom_padding=&#8221;|||&#8221; global_colors_info=&#8221;{}&#8221; custom_padding__hover=&#8221;|||&#8221;][et_pb_text _builder_version=&#8221;4.19.3&#8243; text_font=&#8221;||||||||&#8221; header_font=&#8221;||||||||&#8221; header_2_font=&#8221;Prata|500|||||||&#8221; header_2_text_align=&#8221;left&#8221; header_2_font_size=&#8221;56px&#8221; header_2_line_height=&#8221;1.3em&#8221; header_4_font=&#8221;|700|||||||&#8221; header_4_font_size=&#8221;16px&#8221; header_4_line_height=&#8221;1.2em&#8221; transform_translate_linked=&#8221;off&#8221; max_width=&#8221;700px&#8221; max_width_tablet=&#8221;70%&#8221; max_width_last_edited=&#8221;off|phone&#8221; header_2_font_size_tablet=&#8221;40px&#8221; header_2_font_size_phone=&#8221;26px&#8221; header_2_font_size_last_edited=&#8221;on|desktop&#8221; locked=&#8221;off&#8221; global_colors_info=&#8221;{}&#8221;]<\/p>\n<h3>Merci d&#8217;\u00eatre venu!<\/h3>\n<h3>Exposition 2022<br \/><strong><\/strong><\/h3>\n<p><strong>Galerie Erga<br \/><\/strong>6394 Boul. Saint-Laurent<br \/>Montr\u00e9al, Qu\u00e9bec<\/p>\n<p>&nbsp;<\/p>\n<p>[\/et_pb_text][et_pb_button button_url=&#8221;https:\/\/www.patreon.com\/robertslatkoff&#8221; button_text=&#8221;Patreon&#8221; button_alignment_tablet=&#8221;center&#8221; button_alignment_phone=&#8221;&#8221; button_alignment_last_edited=&#8221;on|phone&#8221; _builder_version=&#8221;4.19.3&#8243; custom_button=&#8221;on&#8221; button_text_size=&#8221;14px&#8221; button_text_color=&#8221;#ffffff&#8221; button_bg_color=&#8221;#000000&#8243; button_border_width=&#8221;2px&#8221; button_border_color=&#8221;rgba(0,0,0,0)&#8221; button_border_radius=&#8221;0px&#8221; button_font=&#8221;|700|||||||&#8221; custom_margin_tablet=&#8221;|0px||&#8221; custom_margin_phone=&#8221;|0px||&#8221; custom_margin_last_edited=&#8221;on|tablet&#8221; custom_padding=&#8221;14px|48px|14px|48px|true|true&#8221; locked=&#8221;off&#8221; global_colors_info=&#8221;{}&#8221;][\/et_pb_button][et_pb_text _builder_version=&#8221;4.17.3&#8243; text_font=&#8221;BrandonText|700|||||||&#8221; text_font_size=&#8221;18px&#8221; text_line_height=&#8221;1.4em&#8221; header_font=&#8221;|700|||||||&#8221; header_font_size=&#8221;20px&#8221; header_line_height=&#8221;1.3em&#8221; header_3_font=&#8221;|700|||||||&#8221; header_3_font_size=&#8221;20px&#8221; header_3_line_height=&#8221;1.3em&#8221; header_font_size_tablet=&#8221;&#8221; header_font_size_phone=&#8221;&#8221; header_font_size_last_edited=&#8221;on|desktop&#8221; locked=&#8221;off&#8221; global_colors_info=&#8221;{}&#8221;]<\/p>\n<h4><strong>Faites un don \u00e0 Robert Slatkoff sur Patreon.<\/strong><\/h4>\n<p>[\/et_pb_text][\/et_pb_column][\/et_pb_row][\/et_pb_section][et_pb_section fb_built=&#8221;1&#8243; admin_label=&#8221;#2 Hero Section&#8221; _builder_version=&#8221;4.16&#8243; background_color=&#8221;#d5f1ee&#8221; background_enable_image=&#8221;off&#8221; custom_padding=&#8221;0px||0px|&#8221; custom_padding_tablet=&#8221;0px||0px|&#8221; transparent_background=&#8221;off&#8221; padding_mobile=&#8221;on&#8221; make_fullwidth=&#8221;off&#8221; use_custom_width=&#8221;off&#8221; width_unit=&#8221;on&#8221; collapsed=&#8221;off&#8221; global_colors_info=&#8221;{}&#8221;][et_pb_row admin_label=&#8221;Espace Abonnement&#8221; _builder_version=&#8221;4.16&#8243; custom_padding=&#8221;89px||32px|||&#8221; global_colors_info=&#8221;{}&#8221;][et_pb_column type=&#8221;4_4&#8243; _builder_version=&#8221;4.16&#8243; custom_padding=&#8221;|||&#8221; global_colors_info=&#8221;{}&#8221; custom_padding__hover=&#8221;|||&#8221;][et_pb_signup mailchimp_list=&#8221;slatkoff|8fe288642c&#8221; name_field=&#8221;on&#8221; title=&#8221;Recevez les derni\u00e8res nouvelles&#8221; description=&#8221;<\/p>\n<p class=%22et_pb_module_header%22><span style=%22font-size: 16px;%22>D\u00e9couvrez quand je publie une nouvelle \u0153uvre. Tout mon travail a une limite de 45 impressions. Il existe 3 tailles diff\u00e9rentes.<\/span><\/p>\n<p class=%22et_pb_module_header%22>Ne vous inqui\u00e9tez pas, je ne vous spammerai pas !<\/p>\n<p>&#8221; _builder_version=&#8221;4.19.3&#8243; header_font=&#8221;Nunito||||||||&#8221; header_text_color=&#8221;#263954&#8243; header_font_size=&#8221;36px&#8221; header_line_height=&#8221;1.3em&#8221; body_font=&#8221;||||||||&#8221; body_text_align=&#8221;left&#8221; body_font_size=&#8221;15px&#8221; body_line_height=&#8221;1.8em&#8221; use_background_color=&#8221;off&#8221; custom_button=&#8221;on&#8221; button_text_size=&#8221;14px&#8221; button_text_color=&#8221;#ffffff&#8221; button_bg_color=&#8221;#0099e5&#8243; button_border_width=&#8221;12px&#8221; button_border_color=&#8221;#0099e5&#8243; button_border_radius=&#8221;0px&#8221; button_letter_spacing=&#8221;2px&#8221; button_font=&#8221;Nunito|700||on|||||&#8221; button_use_icon=&#8221;off&#8221; background_layout=&#8221;light&#8221; custom_margin=&#8221;|||&#8221; custom_padding=&#8221;0px||0px|&#8221; animation_style=&#8221;fold&#8221; animation_direction=&#8221;bottom&#8221; animation_intensity_fold=&#8221;20%&#8221; animation_starting_opacity=&#8221;100%&#8221; button_text_color_hover=&#8221;#ffffff&#8221; button_border_color_hover=&#8221;#0099e5&#8243; button_border_radius_hover=&#8221;0px&#8221; button_bg_color_hover=&#8221;#0099e5&#8243; global_colors_info=&#8221;{}&#8221; button_text_size__hover_enabled=&#8221;off&#8221; button_one_text_size__hover_enabled=&#8221;off&#8221; button_two_text_size__hover_enabled=&#8221;off&#8221; button_text_color__hover_enabled=&#8221;on&#8221; button_text_color__hover=&#8221;#ffffff&#8221; button_one_text_color__hover_enabled=&#8221;off&#8221; button_two_text_color__hover_enabled=&#8221;off&#8221; button_border_width__hover_enabled=&#8221;off&#8221; button_one_border_width__hover_enabled=&#8221;off&#8221; button_two_border_width__hover_enabled=&#8221;off&#8221; button_border_color__hover_enabled=&#8221;on&#8221; button_border_color__hover=&#8221;#0099e5&#8243; button_one_border_color__hover_enabled=&#8221;off&#8221; button_two_border_color__hover_enabled=&#8221;off&#8221; button_border_radius__hover_enabled=&#8221;on&#8221; button_border_radius__hover=&#8221;0px&#8221; button_one_border_radius__hover_enabled=&#8221;off&#8221; button_two_border_radius__hover_enabled=&#8221;off&#8221; button_letter_spacing__hover_enabled=&#8221;off&#8221; button_one_letter_spacing__hover_enabled=&#8221;off&#8221; button_two_letter_spacing__hover_enabled=&#8221;off&#8221; button_bg_color__hover_enabled=&#8221;on&#8221; button_bg_color__hover=&#8221;#0099e5&#8243; button_one_bg_color__hover_enabled=&#8221;off&#8221; button_two_bg_color__hover_enabled=&#8221;off&#8221;]<\/p>\n<p>Sed do eiusmod tempor incididunt ut labore et dolore magna aliqua. Sed do eiusmod tempor incididunt ut labore et dolore magna aliqua. Sed do eiusmod tempor incididunt ut labore et dolore magna aliqua.<\/p>\n<p>[\/et_pb_signup][\/et_pb_column][\/et_pb_row][\/et_pb_section]<\/p>\n","protected":false},"excerpt":{"rendered":"<p>NOUVELLES OEUVRES 2022Merci d&#8217;\u00eatre venu! Exposition 2022 Galerie Erga6394 Boul. Saint-LaurentMontr\u00e9al, Qu\u00e9bec &nbsp;Faites un don \u00e0 Robert Slatkoff sur Patreon.Sed do eiusmod tempor incididunt ut labore et dolore magna aliqua. Sed do eiusmod tempor incididunt ut labore et dolore magna aliqua. Sed do eiusmod tempor incididunt ut labore et dolore magna aliqua.<\/p>\n","protected":false},"author":1,"featured_media":0,"parent":0,"menu_order":0,"comment_status":"closed","ping_status":"closed","template":"","meta":{"_et_pb_use_builder":"on","_et_pb_old_content":"","_et_gb_content_width":"","footnotes":""},"class_list":["post-28152","page","type-page","status-publish","hentry"],"_links":{"self":[{"href":"https:\/\/www.robertslatkoff.com\/fr\/wp-json\/wp\/v2\/pages\/28152","targetHints":{"allow":["GET"]}}],"collection":[{"href":"https:\/\/www.robertslatkoff.com\/fr\/wp-json\/wp\/v2\/pages"}],"about":[{"href":"https:\/\/www.robertslatkoff.com\/fr\/wp-json\/wp\/v2\/types\/page"}],"author":[{"embeddable":true,"href":"https:\/\/www.robertslatkoff.com\/fr\/wp-json\/wp\/v2\/users\/1"}],"replies":[{"embeddable":true,"href":"https:\/\/www.robertslatkoff.com\/fr\/wp-json\/wp\/v2\/comments?post=28152"}],"version-history":[{"count":2,"href":"https:\/\/www.robertslatkoff.com\/fr\/wp-json\/wp\/v2\/pages\/28152\/revisions"}],"predecessor-version":[{"id":28154,"href":"https:\/\/www.robertslatkoff.com\/fr\/wp-json\/wp\/v2\/pages\/28152\/revisions\/28154"}],"wp:attachment":[{"href":"https:\/\/www.robertslatkoff.com\/fr\/wp-json\/wp\/v2\/media?parent=28152"}],"curies":[{"name":"wp","href":"https:\/\/api.w.org\/{rel}","templated":true}]}}